{"id":417,"date":"2025-10-22T15:36:26","date_gmt":"2025-10-22T15:36:26","guid":{"rendered":"https:\/\/bdeco.es\/?page_id=417"},"modified":"2025-12-03T16:12:50","modified_gmt":"2025-12-03T16:12:50","slug":"estaciones","status":"publish","type":"page","link":"https:\/\/bdeco.es\/en\/estaciones\/","title":{"rendered":"Estaciones"},"content":{"rendered":"<div data-elementor-type=\"wp-post\" data-elementor-id=\"417\" class=\"elementor elementor-417\" data-elementor-post-type=\"page\">\n\t\t\t\t<div class=\"elementor-element elementor-element-d13eb4c e-con-full e-flex e-con e-parent\" data-id=\"d13eb4c\" data-element_type=\"container\" data-e-type=\"container\" data-settings=\"{&quot;background_background&quot;:&quot;classic&quot;}\">\n\t\t\t\t<\/div>\n\t\t<div class=\"elementor-element elementor-element-9acfdff e-flex e-con-boxed e-con e-parent\" data-id=\"9acfdff\" data-element_type=\"container\" data-e-type=\"container\" data-settings=\"{&quot;background_background&quot;:&quot;classic&quot;}\">\n\t\t\t\t\t<div class=\"e-con-inner\">\n\t\t\t\t<div class=\"elementor-element elementor-element-2951a98 elementor-widget elementor-widget-heading\" data-id=\"2951a98\" data-element_type=\"widget\" data-e-type=\"widget\" data-widget_type=\"heading.default\">\n\t\t\t\t\t<h2 class=\"elementor-heading-title elementor-size-default\">Estaciones de C\u00f3ctel y Comida<\/h2>\t\t\t\t<\/div>\n\t\t\t\t<div class=\"elementor-element elementor-element-75fd9bb elementor-widget elementor-widget-text-editor\" data-id=\"75fd9bb\" data-element_type=\"widget\" data-e-type=\"widget\" data-widget_type=\"text-editor.default\">\n\t\t\t\t\t\t\t\t\t<p>Las Estaciones son rincones que sorprenden, emocionan y aportan una personalidad \u00fanica a cada celebraci\u00f3n. En Bdec\u00f3 dise\u00f1amos Estaciones de C\u00f3ctel que se integran con elegancia en la celebraci\u00f3n, ya sean de bebidas refrescantes, tapas, dulces o propuestas m\u00e1s creativas. Cada estaci\u00f3n est\u00e1 pensada para enamorar a la vista y al paladar, respetando siempre la est\u00e9tica y el estilo de vuestra boda para que todo fluya con coherencia y armon\u00eda.<\/p><p>Creamos experiencias que van mucho m\u00e1s all\u00e1 de lo gastron\u00f3mico: estaciones c\u00e1lidas, artesanales y llenas de encanto, donde los invitados pueden degustar, interactuar y disfrutar de forma relajada. Nuestro equipo cuida cada gesto y cada elemento para transformar una simple propuesta culinaria en un recuerdo bonito, aut\u00e9ntico y lleno de sabor.<\/p>\t\t\t\t\t\t\t\t<\/div>\n\t\t\t\t\t<\/div>\n\t\t\t\t<\/div>\n\t\t<div class=\"elementor-element elementor-element-17e96a7 e-flex e-con-boxed e-con e-parent\" data-id=\"17e96a7\" data-element_type=\"container\" data-e-type=\"container\" data-settings=\"{&quot;background_background&quot;:&quot;classic&quot;}\">\n\t\t\t\t\t<div class=\"e-con-inner\">\n\t\t\t\t<div class=\"elementor-element elementor-element-0e66a4d elementor-widget elementor-widget-heading\" data-id=\"0e66a4d\" data-element_type=\"widget\" data-e-type=\"widget\" data-widget_type=\"heading.default\">\n\t\t\t\t\t<h2 class=\"elementor-heading-title elementor-size-default\">Galer\u00eda<\/h2>\t\t\t\t<\/div>\n\t\t\t\t<div class=\"elementor-element elementor-element-27053c7 elementor-widget elementor-widget-gallery\" data-id=\"27053c7\" data-element_type=\"widget\" data-e-type=\"widget\" data-settings=\"{&quot;gallery_layout&quot;:&quot;masonry&quot;,&quot;columns&quot;:3,&quot;columns_mobile&quot;:2,&quot;lazyload&quot;:&quot;yes&quot;,&quot;columns_tablet&quot;:2,&quot;gap&quot;:{&quot;unit&quot;:&quot;px&quot;,&quot;size&quot;:10,&quot;sizes&quot;:[]},&quot;gap_laptop&quot;:{&quot;unit&quot;:&quot;px&quot;,&quot;size&quot;:10,&quot;sizes&quot;:[]},&quot;gap_tablet&quot;:{&quot;unit&quot;:&quot;px&quot;,&quot;size&quot;:10,&quot;sizes&quot;:[]},&quot;gap_mobile&quot;:{&quot;unit&quot;:&quot;px&quot;,&quot;size&quot;:10,&quot;sizes&quot;:[]},&quot;content_hover_animation&quot;:&quot;fade-in&quot;}\" data-widget_type=\"gallery.default\">\n\t\t\t\t\t\t\t<div class=\"elementor-gallery__container\">\n\t\t\t\t\t\t\t<div class=\"e-gallery-item elementor-gallery-item elementor-animated-content\">\n\t\t\t\t\t<div class=\"e-gallery-image elementor-gallery-item__image\" data-thumbnail=\"https:\/\/bdeco.es\/wp-content\/uploads\/2025\/11\/Estaciones-1_resultado.webp\" data-width=\"264\" data-height=\"397\" aria-label=\"\" role=\"img\" ><\/div>\n\t\t\t\t\t\t\t\t\t\t\t\t\t\t<\/div>\n\t\t\t\t\t\t\t<div class=\"e-gallery-item elementor-gallery-item elementor-animated-content\">\n\t\t\t\t\t<div class=\"e-gallery-image elementor-gallery-item__image\" data-thumbnail=\"https:\/\/bdeco.es\/wp-content\/uploads\/2025\/11\/Estaciones-2_resultado.webp\" data-width=\"262\" data-height=\"397\" aria-label=\"\" role=\"img\" ><\/div>\n\t\t\t\t\t\t\t\t\t\t\t\t\t\t<\/div>\n\t\t\t\t\t\t\t<div class=\"e-gallery-item elementor-gallery-item elementor-animated-content\">\n\t\t\t\t\t<div class=\"e-gallery-image elementor-gallery-item__image\" data-thumbnail=\"https:\/\/bdeco.es\/wp-content\/uploads\/2025\/11\/Estaciones-3_resultado.webp\" data-width=\"264\" data-height=\"198\" aria-label=\"\" role=\"img\" ><\/div>\n\t\t\t\t\t\t\t\t\t\t\t\t\t\t<\/div>\n\t\t\t\t\t\t\t<div class=\"e-gallery-item elementor-gallery-item elementor-animated-content\">\n\t\t\t\t\t<div class=\"e-gallery-image elementor-gallery-item__image\" data-thumbnail=\"https:\/\/bdeco.es\/wp-content\/uploads\/2025\/11\/Estaciones-4_resultado.webp\" data-width=\"264\" data-height=\"198\" aria-label=\"\" role=\"img\" ><\/div>\n\t\t\t\t\t\t\t\t\t\t\t\t\t\t<\/div>\n\t\t\t\t\t\t\t<div class=\"e-gallery-item elementor-gallery-item elementor-animated-content\">\n\t\t\t\t\t<div class=\"e-gallery-image elementor-gallery-item__image\" data-thumbnail=\"https:\/\/bdeco.es\/wp-content\/uploads\/2025\/11\/Estaciones-6_resultado.webp\" data-width=\"263\" data-height=\"198\" aria-label=\"\" role=\"img\" ><\/div>\n\t\t\t\t\t\t\t\t\t\t\t\t\t\t<\/div>\n\t\t\t\t\t\t\t<div class=\"e-gallery-item elementor-gallery-item elementor-animated-content\">\n\t\t\t\t\t<div class=\"e-gallery-image elementor-gallery-item__image\" data-thumbnail=\"https:\/\/bdeco.es\/wp-content\/uploads\/2025\/11\/Estaciones-5_resultado.webp\" data-width=\"264\" data-height=\"396\" aria-label=\"\" role=\"img\" ><\/div>\n\t\t\t\t\t\t\t\t\t\t\t\t\t\t<\/div>\n\t\t\t\t\t\t\t<div class=\"e-gallery-item elementor-gallery-item elementor-animated-content\">\n\t\t\t\t\t<div class=\"e-gallery-image elementor-gallery-item__image\" data-thumbnail=\"https:\/\/bdeco.es\/wp-content\/uploads\/2025\/11\/Estaciones-7_resultado.webp\" data-width=\"263\" data-height=\"396\" aria-label=\"\" role=\"img\" ><\/div>\n\t\t\t\t\t\t\t\t\t\t\t\t\t\t<\/div>\n\t\t\t\t\t\t\t<div class=\"e-gallery-item elementor-gallery-item elementor-animated-content\">\n\t\t\t\t\t<div class=\"e-gallery-image elementor-gallery-item__image\" data-thumbnail=\"https:\/\/bdeco.es\/wp-content\/uploads\/2025\/11\/Estaciones-8_resultado.webp\" data-width=\"263\" data-height=\"395\" aria-label=\"\" role=\"img\" ><\/div>\n\t\t\t\t\t\t\t\t\t\t\t\t\t\t<\/div>\n\t\t\t\t\t\t\t<div class=\"e-gallery-item elementor-gallery-item elementor-animated-content\">\n\t\t\t\t\t<div class=\"e-gallery-image elementor-gallery-item__image\" data-thumbnail=\"https:\/\/bdeco.es\/wp-content\/uploads\/2025\/11\/Estaciones-9_resultado.webp\" data-width=\"263\" data-height=\"196\" aria-label=\"\" role=\"img\" ><\/div>\n\t\t\t\t\t\t\t\t\t\t\t\t\t\t<\/div>\n\t\t\t\t\t\t\t<div class=\"e-gallery-item elementor-gallery-item elementor-animated-content\">\n\t\t\t\t\t<div class=\"e-gallery-image elementor-gallery-item__image\" data-thumbnail=\"https:\/\/bdeco.es\/wp-content\/uploads\/2025\/11\/Estaciones-10_resultado.webp\" data-width=\"263\" data-height=\"197\" aria-label=\"\" role=\"img\" ><\/div>\n\t\t\t\t\t\t\t\t\t\t\t\t\t\t<\/div>\n\t\t\t\t\t\t\t<div class=\"e-gallery-item elementor-gallery-item elementor-animated-content\">\n\t\t\t\t\t<div class=\"e-gallery-image elementor-gallery-item__image\" data-thumbnail=\"https:\/\/bdeco.es\/wp-content\/uploads\/2025\/11\/Estaciones-11_resultado.webp\" data-width=\"264\" data-height=\"397\" aria-label=\"\" role=\"img\" ><\/div>\n\t\t\t\t\t\t\t\t\t\t\t\t\t\t<\/div>\n\t\t\t\t\t\t\t<div class=\"e-gallery-item elementor-gallery-item elementor-animated-content\">\n\t\t\t\t\t<div class=\"e-gallery-image elementor-gallery-item__image\" data-thumbnail=\"https:\/\/bdeco.es\/wp-content\/uploads\/2025\/11\/Estaciones-17_resultado.webp\" data-width=\"263\" data-height=\"396\" aria-label=\"\" role=\"img\" ><\/div>\n\t\t\t\t\t\t\t\t\t\t\t\t\t\t<\/div>\n\t\t\t\t\t\t\t<div class=\"e-gallery-item elementor-gallery-item elementor-animated-content\">\n\t\t\t\t\t<div class=\"e-gallery-image elementor-gallery-item__image\" data-thumbnail=\"https:\/\/bdeco.es\/wp-content\/uploads\/2025\/11\/Estaciones-18_resultado.webp\" data-width=\"263\" data-height=\"197\" aria-label=\"\" role=\"img\" ><\/div>\n\t\t\t\t\t\t\t\t\t\t\t\t\t\t<\/div>\n\t\t\t\t\t\t\t<div class=\"e-gallery-item elementor-gallery-item elementor-animated-content\">\n\t\t\t\t\t<div class=\"e-gallery-image elementor-gallery-item__image\" data-thumbnail=\"https:\/\/bdeco.es\/wp-content\/uploads\/2025\/11\/Estaciones-12_resultado.webp\" data-width=\"263\" data-height=\"397\" aria-label=\"\" role=\"img\" ><\/div>\n\t\t\t\t\t\t\t\t\t\t\t\t\t\t<\/div>\n\t\t\t\t\t\t\t<div class=\"e-gallery-item elementor-gallery-item elementor-animated-content\">\n\t\t\t\t\t<div class=\"e-gallery-image elementor-gallery-item__image\" data-thumbnail=\"https:\/\/bdeco.es\/wp-content\/uploads\/2025\/11\/Estaciones-14_resultado.webp\" data-width=\"264\" data-height=\"396\" aria-label=\"\" role=\"img\" ><\/div>\n\t\t\t\t\t\t\t\t\t\t\t\t\t\t<\/div>\n\t\t\t\t\t\t\t<div class=\"e-gallery-item elementor-gallery-item elementor-animated-content\">\n\t\t\t\t\t<div class=\"e-gallery-image elementor-gallery-item__image\" data-thumbnail=\"https:\/\/bdeco.es\/wp-content\/uploads\/2025\/11\/Estaciones-16_resultado.webp\" data-width=\"263\" data-height=\"396\" aria-label=\"\" role=\"img\" ><\/div>\n\t\t\t\t\t\t\t\t\t\t\t\t\t\t<\/div>\n\t\t\t\t\t\t\t<div class=\"e-gallery-item elementor-gallery-item elementor-animated-content\">\n\t\t\t\t\t<div class=\"e-gallery-image elementor-gallery-item__image\" data-thumbnail=\"https:\/\/bdeco.es\/wp-content\/uploads\/2025\/11\/Estaciones-13_resultado.webp\" data-width=\"263\" data-height=\"198\" aria-label=\"\" role=\"img\" ><\/div>\n\t\t\t\t\t\t\t\t\t\t\t\t\t\t<\/div>\n\t\t\t\t\t<\/div>\n\t\t\t\t\t<\/div>\n\t\t\t\t\t<\/div>\n\t\t\t\t<\/div>\n\t\t<div class=\"elementor-element elementor-element-880e3e2 e-flex e-con-boxed e-con e-parent\" data-id=\"880e3e2\" data-element_type=\"container\" data-e-type=\"container\" data-settings=\"{&quot;background_background&quot;:&quot;classic&quot;}\">\n\t\t\t\t\t<div class=\"e-con-inner\">\n\t\t\t\t<div class=\"elementor-element elementor-element-52ea16c elementor-widget elementor-widget-heading\" data-id=\"52ea16c\" data-element_type=\"widget\" data-e-type=\"widget\" data-widget_type=\"heading.default\">\n\t\t\t\t\t<h2 class=\"elementor-heading-title elementor-size-default\">Pide tu cita<\/h2>\t\t\t\t<\/div>\n\t\t\t\t<div class=\"elementor-element elementor-element-45a7bb3 elementor-align-center elementor-widget elementor-widget-button\" data-id=\"45a7bb3\" data-element_type=\"widget\" data-e-type=\"widget\" data-widget_type=\"button.default\">\n\t\t\t\t\t\t\t\t\t\t<a class=\"elementor-button elementor-button-link elementor-size-sm\" href=\"\/en\/contacto\/\">\n\t\t\t\t\t\t<span class=\"elementor-button-content-wrapper\">\n\t\t\t\t\t\t\t\t\t<span class=\"elementor-button-text\">Cont\u00e1ctanos<\/span>\n\t\t\t\t\t<\/span>\n\t\t\t\t\t<\/a>\n\t\t\t\t\t\t\t\t<\/div>\n\t\t\t\t\t<\/div>\n\t\t\t\t<\/div>\n\t\t<div class=\"elementor-element elementor-element-ddcf8ff e-flex e-con-boxed e-con e-parent\" data-id=\"ddcf8ff\" data-element_type=\"container\" data-e-type=\"container\" data-settings=\"{&quot;background_background&quot;:&quot;classic&quot;}\">\n\t\t\t\t\t<div class=\"e-con-inner\">\n\t\t\t\t<div class=\"elementor-element elementor-element-7c39bd9 elementor-widget elementor-widget-text-editor\" data-id=\"7c39bd9\" data-element_type=\"widget\" data-e-type=\"widget\" data-widget_type=\"text-editor.default\">\n\t\t\t\t\t\t\t\t\t2026\t\t\t\t\t\t\t\t<\/div>\n\t\t\t\t<div class=\"elementor-element elementor-element-62eb257 elementor-widget-tablet__width-initial elementor-widget elementor-widget-text-editor\" data-id=\"62eb257\" data-element_type=\"widget\" data-e-type=\"widget\" data-widget_type=\"text-editor.default\">\n\t\t\t\t\t\t\t\t\t\u00a9 Todos los derechos reservados \/\t\t\t\t\t\t\t\t<\/div>\n\t\t\t\t<div class=\"elementor-element elementor-element-570c05b elementor-widget elementor-widget-button\" data-id=\"570c05b\" data-element_type=\"widget\" data-e-type=\"widget\" data-widget_type=\"button.default\">\n\t\t\t\t\t\t\t\t\t\t<a class=\"elementor-button elementor-button-link elementor-size-sm\" href=\"#\">\n\t\t\t\t\t\t<span class=\"elementor-button-content-wrapper\">\n\t\t\t\t\t\t\t\t\t<span class=\"elementor-button-text\">Aviso Legal<\/span>\n\t\t\t\t\t<\/span>\n\t\t\t\t\t<\/a>\n\t\t\t\t\t\t\t\t<\/div>\n\t\t\t\t<div class=\"elementor-element elementor-element-6f297e2 elementor-widget elementor-widget-text-editor\" data-id=\"6f297e2\" data-element_type=\"widget\" data-e-type=\"widget\" data-widget_type=\"text-editor.default\">\n\t\t\t\t\t\t\t\t\t\/\t\t\t\t\t\t\t\t<\/div>\n\t\t\t\t<div class=\"elementor-element elementor-element-47157ca elementor-widget elementor-widget-button\" data-id=\"47157ca\" data-element_type=\"widget\" data-e-type=\"widget\" data-widget_type=\"button.default\">\n\t\t\t\t\t\t\t\t\t\t<a class=\"elementor-button elementor-button-link elementor-size-sm\" href=\"#\">\n\t\t\t\t\t\t<span class=\"elementor-button-content-wrapper\">\n\t\t\t\t\t\t\t\t\t<span class=\"elementor-button-text\">Pol\u00edtica de Privacidad<\/span>\n\t\t\t\t\t<\/span>\n\t\t\t\t\t<\/a>\n\t\t\t\t\t\t\t\t<\/div>\n\t\t\t\t<div class=\"elementor-element elementor-element-26c828f elementor-widget elementor-widget-text-editor\" data-id=\"26c828f\" data-element_type=\"widget\" data-e-type=\"widget\" data-widget_type=\"text-editor.default\">\n\t\t\t\t\t\t\t\t\t\/\t\t\t\t\t\t\t\t<\/div>\n\t\t\t\t<div class=\"elementor-element elementor-element-e4db3ed elementor-widget elementor-widget-button\" data-id=\"e4db3ed\" data-element_type=\"widget\" data-e-type=\"widget\" data-widget_type=\"button.default\">\n\t\t\t\t\t\t\t\t\t\t<a class=\"elementor-button elementor-button-link elementor-size-sm\" href=\"#\">\n\t\t\t\t\t\t<span class=\"elementor-button-content-wrapper\">\n\t\t\t\t\t\t\t\t\t<span class=\"elementor-button-text\">Pol\u00edtica de Cookies<\/span>\n\t\t\t\t\t<\/span>\n\t\t\t\t\t<\/a>\n\t\t\t\t\t\t\t\t<\/div>\n\t\t\t\t\t<\/div>\n\t\t\t\t<\/div>\n\t\t<div class=\"elementor-element elementor-element-2402448 e-flex e-con-boxed e-con e-parent\" data-id=\"2402448\" data-element_type=\"container\" data-e-type=\"container\" data-settings=\"{&quot;background_background&quot;:&quot;classic&quot;}\">\n\t\t\t\t\t<div class=\"e-con-inner\">\n\t\t\t\t<div class=\"elementor-element elementor-element-b0302b8 elementor-widget elementor-widget-image\" data-id=\"b0302b8\" data-element_type=\"widget\" data-e-type=\"widget\" data-widget_type=\"image.default\">\n\t\t\t\t\t\t\t\t\t\t\t\t\t\t\t<img fetchpriority=\"high\" decoding=\"async\" width=\"800\" height=\"450\" src=\"https:\/\/bdeco.es\/wp-content\/uploads\/2025\/12\/Logo-PRTR-dos-lineas_BLANCO-1024x576.png\" class=\"attachment-large size-large wp-image-1380\" alt=\"\" srcset=\"https:\/\/bdeco.es\/wp-content\/uploads\/2025\/12\/Logo-PRTR-dos-lineas_BLANCO-1024x576.png 1024w, https:\/\/bdeco.es\/wp-content\/uploads\/2025\/12\/Logo-PRTR-dos-lineas_BLANCO-300x169.png 300w, https:\/\/bdeco.es\/wp-content\/uploads\/2025\/12\/Logo-PRTR-dos-lineas_BLANCO-768x432.png 768w, https:\/\/bdeco.es\/wp-content\/uploads\/2025\/12\/Logo-PRTR-dos-lineas_BLANCO-1536x864.png 1536w, https:\/\/bdeco.es\/wp-content\/uploads\/2025\/12\/Logo-PRTR-dos-lineas_BLANCO-18x10.png 18w, https:\/\/bdeco.es\/wp-content\/uploads\/2025\/12\/Logo-PRTR-dos-lineas_BLANCO.png 1920w\" sizes=\"(max-width: 800px) 100vw, 800px\" \/>\t\t\t\t\t\t\t\t\t\t\t\t\t\t\t<\/div>\n\t\t\t\t<div class=\"elementor-element elementor-element-42da0ba elementor-widget elementor-widget-image\" data-id=\"42da0ba\" data-element_type=\"widget\" data-e-type=\"widget\" data-widget_type=\"image.default\">\n\t\t\t\t\t\t\t\t\t\t\t\t\t\t\t<img decoding=\"async\" width=\"800\" height=\"222\" src=\"https:\/\/bdeco.es\/wp-content\/uploads\/2025\/12\/ES-Financiado-por-la-Union-Europea_WHITE-Outline-1024x284.png\" class=\"attachment-large size-large wp-image-1381\" alt=\"\" srcset=\"https:\/\/bdeco.es\/wp-content\/uploads\/2025\/12\/ES-Financiado-por-la-Union-Europea_WHITE-Outline-1024x284.png 1024w, https:\/\/bdeco.es\/wp-content\/uploads\/2025\/12\/ES-Financiado-por-la-Union-Europea_WHITE-Outline-300x83.png 300w, https:\/\/bdeco.es\/wp-content\/uploads\/2025\/12\/ES-Financiado-por-la-Union-Europea_WHITE-Outline-768x213.png 768w, https:\/\/bdeco.es\/wp-content\/uploads\/2025\/12\/ES-Financiado-por-la-Union-Europea_WHITE-Outline-1536x426.png 1536w, https:\/\/bdeco.es\/wp-content\/uploads\/2025\/12\/ES-Financiado-por-la-Union-Europea_WHITE-Outline-2048x569.png 2048w, https:\/\/bdeco.es\/wp-content\/uploads\/2025\/12\/ES-Financiado-por-la-Union-Europea_WHITE-Outline-18x5.png 18w\" sizes=\"(max-width: 800px) 100vw, 800px\" \/>\t\t\t\t\t\t\t\t\t\t\t\t\t\t\t<\/div>\n\t\t\t\t\t<\/div>\n\t\t\t\t<\/div>\n\t\t\t\t<\/div>","protected":false},"excerpt":{"rendered":"<p>Estaciones de C\u00f3ctel y Comida Las Estaciones son rincones que sorprenden, emocionan y aportan una personalidad \u00fanica a cada celebraci\u00f3n. En Bdec\u00f3 dise\u00f1amos Estaciones de C\u00f3ctel que se integran con elegancia en la celebraci\u00f3n, ya sean de bebidas refrescantes, tapas, dulces o propuestas m\u00e1s creativas. Cada estaci\u00f3n est\u00e1 pensada para enamorar a la vista y [&hellip;]<\/p>\n","protected":false},"author":1,"featured_media":0,"parent":0,"menu_order":0,"comment_status":"closed","ping_status":"closed","template":"elementor_header_footer","meta":{"footnotes":""},"class_list":["post-417","page","type-page","status-publish","hentry"],"yoast_head":"<!-- This site is optimized with the Yoast SEO plugin v27.2 - https:\/\/yoast.com\/product\/yoast-seo-wordpress\/ -->\n<title>Estaciones | Bdec\u00f3 Bodas<\/title>\n<meta name=\"robots\" content=\"index, follow, max-snippet:-1, max-image-preview:large, max-video-preview:-1\" \/>\n<link rel=\"canonical\" href=\"https:\/\/bdeco.es\/en\/estaciones\/\" \/>\n<meta property=\"og:locale\" content=\"en_US\" \/>\n<meta property=\"og:type\" content=\"article\" \/>\n<meta property=\"og:title\" content=\"Estaciones | Bdec\u00f3 Bodas\" \/>\n<meta property=\"og:description\" content=\"Estaciones de C\u00f3ctel y Comida Las Estaciones son rincones que sorprenden, emocionan y aportan una personalidad \u00fanica a cada celebraci\u00f3n. En Bdec\u00f3 dise\u00f1amos Estaciones de C\u00f3ctel que se integran con elegancia en la celebraci\u00f3n, ya sean de bebidas refrescantes, tapas, dulces o propuestas m\u00e1s creativas. Cada estaci\u00f3n est\u00e1 pensada para enamorar a la vista y [&hellip;]\" \/>\n<meta property=\"og:url\" content=\"https:\/\/bdeco.es\/en\/estaciones\/\" \/>\n<meta property=\"og:site_name\" content=\"Bdec\u00f3 Bodas\" \/>\n<meta property=\"article:modified_time\" content=\"2025-12-03T16:12:50+00:00\" \/>\n<meta property=\"og:image\" content=\"https:\/\/bdeco.es\/wp-content\/uploads\/2025\/12\/Logo-PRTR-dos-lineas_BLANCO.png\" \/>\n\t<meta property=\"og:image:width\" content=\"1920\" \/>\n\t<meta property=\"og:image:height\" content=\"1080\" \/>\n\t<meta property=\"og:image:type\" content=\"image\/png\" \/>\n<meta name=\"twitter:card\" content=\"summary_large_image\" \/>\n<meta name=\"twitter:label1\" content=\"Est. reading time\" \/>\n\t<meta name=\"twitter:data1\" content=\"1 minute\" \/>\n<script type=\"application\/ld+json\" class=\"yoast-schema-graph\">{\"@context\":\"https:\/\/schema.org\",\"@graph\":[{\"@type\":\"WebPage\",\"@id\":\"https:\/\/bdeco.es\/estaciones\/\",\"url\":\"https:\/\/bdeco.es\/estaciones\/\",\"name\":\"Estaciones | Bdec\u00f3 Bodas\",\"isPartOf\":{\"@id\":\"https:\/\/bdeco.es\/#website\"},\"primaryImageOfPage\":{\"@id\":\"https:\/\/bdeco.es\/estaciones\/#primaryimage\"},\"image\":{\"@id\":\"https:\/\/bdeco.es\/estaciones\/#primaryimage\"},\"thumbnailUrl\":\"https:\/\/bdeco.es\/wp-content\/uploads\/2025\/12\/Logo-PRTR-dos-lineas_BLANCO-1024x576.png\",\"datePublished\":\"2025-10-22T15:36:26+00:00\",\"dateModified\":\"2025-12-03T16:12:50+00:00\",\"breadcrumb\":{\"@id\":\"https:\/\/bdeco.es\/estaciones\/#breadcrumb\"},\"inLanguage\":\"en-US\",\"potentialAction\":[{\"@type\":\"ReadAction\",\"target\":[\"https:\/\/bdeco.es\/estaciones\/\"]}]},{\"@type\":\"ImageObject\",\"inLanguage\":\"en-US\",\"@id\":\"https:\/\/bdeco.es\/estaciones\/#primaryimage\",\"url\":\"https:\/\/bdeco.es\/wp-content\/uploads\/2025\/12\/Logo-PRTR-dos-lineas_BLANCO-1024x576.png\",\"contentUrl\":\"https:\/\/bdeco.es\/wp-content\/uploads\/2025\/12\/Logo-PRTR-dos-lineas_BLANCO-1024x576.png\"},{\"@type\":\"BreadcrumbList\",\"@id\":\"https:\/\/bdeco.es\/estaciones\/#breadcrumb\",\"itemListElement\":[{\"@type\":\"ListItem\",\"position\":1,\"name\":\"Portada\",\"item\":\"https:\/\/bdeco.es\/\"},{\"@type\":\"ListItem\",\"position\":2,\"name\":\"Estaciones\"}]},{\"@type\":\"WebSite\",\"@id\":\"https:\/\/bdeco.es\/#website\",\"url\":\"https:\/\/bdeco.es\/\",\"name\":\"Bdec\u00f3 Bodas\",\"description\":\"\",\"publisher\":{\"@id\":\"https:\/\/bdeco.es\/#organization\"},\"potentialAction\":[{\"@type\":\"SearchAction\",\"target\":{\"@type\":\"EntryPoint\",\"urlTemplate\":\"https:\/\/bdeco.es\/?s={search_term_string}\"},\"query-input\":{\"@type\":\"PropertyValueSpecification\",\"valueRequired\":true,\"valueName\":\"search_term_string\"}}],\"inLanguage\":\"en-US\"},{\"@type\":\"Organization\",\"@id\":\"https:\/\/bdeco.es\/#organization\",\"name\":\"Bdec\u00f3 Bodas\",\"url\":\"https:\/\/bdeco.es\/\",\"logo\":{\"@type\":\"ImageObject\",\"inLanguage\":\"en-US\",\"@id\":\"https:\/\/bdeco.es\/#\/schema\/logo\/image\/\",\"url\":\"\",\"contentUrl\":\"\",\"caption\":\"Bdec\u00f3 Bodas\"},\"image\":{\"@id\":\"https:\/\/bdeco.es\/#\/schema\/logo\/image\/\"}}]}<\/script>\n<!-- \/ Yoast SEO plugin. -->","yoast_head_json":{"title":"Estaciones | Bdec\u00f3 Bodas","robots":{"index":"index","follow":"follow","max-snippet":"max-snippet:-1","max-image-preview":"max-image-preview:large","max-video-preview":"max-video-preview:-1"},"canonical":"https:\/\/bdeco.es\/en\/estaciones\/","og_locale":"en_US","og_type":"article","og_title":"Estaciones | Bdec\u00f3 Bodas","og_description":"Estaciones de C\u00f3ctel y Comida Las Estaciones son rincones que sorprenden, emocionan y aportan una personalidad \u00fanica a cada celebraci\u00f3n. En Bdec\u00f3 dise\u00f1amos Estaciones de C\u00f3ctel que se integran con elegancia en la celebraci\u00f3n, ya sean de bebidas refrescantes, tapas, dulces o propuestas m\u00e1s creativas. Cada estaci\u00f3n est\u00e1 pensada para enamorar a la vista y [&hellip;]","og_url":"https:\/\/bdeco.es\/en\/estaciones\/","og_site_name":"Bdec\u00f3 Bodas","article_modified_time":"2025-12-03T16:12:50+00:00","og_image":[{"width":1920,"height":1080,"url":"https:\/\/bdeco.es\/wp-content\/uploads\/2025\/12\/Logo-PRTR-dos-lineas_BLANCO.png","type":"image\/png"}],"twitter_card":"summary_large_image","twitter_misc":{"Est. reading time":"1 minute"},"schema":{"@context":"https:\/\/schema.org","@graph":[{"@type":"WebPage","@id":"https:\/\/bdeco.es\/estaciones\/","url":"https:\/\/bdeco.es\/estaciones\/","name":"Estaciones | Bdec\u00f3 Bodas","isPartOf":{"@id":"https:\/\/bdeco.es\/#website"},"primaryImageOfPage":{"@id":"https:\/\/bdeco.es\/estaciones\/#primaryimage"},"image":{"@id":"https:\/\/bdeco.es\/estaciones\/#primaryimage"},"thumbnailUrl":"https:\/\/bdeco.es\/wp-content\/uploads\/2025\/12\/Logo-PRTR-dos-lineas_BLANCO-1024x576.png","datePublished":"2025-10-22T15:36:26+00:00","dateModified":"2025-12-03T16:12:50+00:00","breadcrumb":{"@id":"https:\/\/bdeco.es\/estaciones\/#breadcrumb"},"inLanguage":"en-US","potentialAction":[{"@type":"ReadAction","target":["https:\/\/bdeco.es\/estaciones\/"]}]},{"@type":"ImageObject","inLanguage":"en-US","@id":"https:\/\/bdeco.es\/estaciones\/#primaryimage","url":"https:\/\/bdeco.es\/wp-content\/uploads\/2025\/12\/Logo-PRTR-dos-lineas_BLANCO-1024x576.png","contentUrl":"https:\/\/bdeco.es\/wp-content\/uploads\/2025\/12\/Logo-PRTR-dos-lineas_BLANCO-1024x576.png"},{"@type":"BreadcrumbList","@id":"https:\/\/bdeco.es\/estaciones\/#breadcrumb","itemListElement":[{"@type":"ListItem","position":1,"name":"Portada","item":"https:\/\/bdeco.es\/"},{"@type":"ListItem","position":2,"name":"Estaciones"}]},{"@type":"WebSite","@id":"https:\/\/bdeco.es\/#website","url":"https:\/\/bdeco.es\/","name":"Bdec\u00f3 Bodas","description":"","publisher":{"@id":"https:\/\/bdeco.es\/#organization"},"potentialAction":[{"@type":"SearchAction","target":{"@type":"EntryPoint","urlTemplate":"https:\/\/bdeco.es\/?s={search_term_string}"},"query-input":{"@type":"PropertyValueSpecification","valueRequired":true,"valueName":"search_term_string"}}],"inLanguage":"en-US"},{"@type":"Organization","@id":"https:\/\/bdeco.es\/#organization","name":"Bdec\u00f3 Bodas","url":"https:\/\/bdeco.es\/","logo":{"@type":"ImageObject","inLanguage":"en-US","@id":"https:\/\/bdeco.es\/#\/schema\/logo\/image\/","url":"","contentUrl":"","caption":"Bdec\u00f3 Bodas"},"image":{"@id":"https:\/\/bdeco.es\/#\/schema\/logo\/image\/"}}]}},"_links":{"self":[{"href":"https:\/\/bdeco.es\/en\/wp-json\/wp\/v2\/pages\/417","targetHints":{"allow":["GET"]}}],"collection":[{"href":"https:\/\/bdeco.es\/en\/wp-json\/wp\/v2\/pages"}],"about":[{"href":"https:\/\/bdeco.es\/en\/wp-json\/wp\/v2\/types\/page"}],"author":[{"embeddable":true,"href":"https:\/\/bdeco.es\/en\/wp-json\/wp\/v2\/users\/1"}],"replies":[{"embeddable":true,"href":"https:\/\/bdeco.es\/en\/wp-json\/wp\/v2\/comments?post=417"}],"version-history":[{"count":50,"href":"https:\/\/bdeco.es\/en\/wp-json\/wp\/v2\/pages\/417\/revisions"}],"predecessor-version":[{"id":1437,"href":"https:\/\/bdeco.es\/en\/wp-json\/wp\/v2\/pages\/417\/revisions\/1437"}],"wp:attachment":[{"href":"https:\/\/bdeco.es\/en\/wp-json\/wp\/v2\/media?parent=417"}],"curies":[{"name":"wp","href":"https:\/\/api.w.org\/{rel}","templated":true}]}}